{"id":12,"date":"2016-08-27T17:53:13","date_gmt":"2016-08-27T17:53:13","guid":{"rendered":"http:\/\/metodperme.com\/wp1\/?page_id=12"},"modified":"2022-11-18T11:04:19","modified_gmt":"2022-11-18T11:04:19","slug":"o-meni","status":"publish","type":"page","link":"http:\/\/metodperme.com\/wp1\/o-meni\/","title":{"rendered":"O meni"},"content":{"rendered":"<p><img decoding=\"async\" loading=\"lazy\" class=\"size-medium wp-image-87 alignleft\" src=\"http:\/\/metodperme.com\/wp1\/wp-content\/uploads\/2016\/08\/MetodPortret3-216x300.jpg\" alt=\"metodperme\" width=\"216\" height=\"300\" srcset=\"http:\/\/metodperme.com\/wp1\/wp-content\/uploads\/2016\/08\/MetodPortret3-216x300.jpg 216w, http:\/\/metodperme.com\/wp1\/wp-content\/uploads\/2016\/08\/MetodPortret3-768x1068.jpg 768w, http:\/\/metodperme.com\/wp1\/wp-content\/uploads\/2016\/08\/MetodPortret3-737x1024.jpg 737w\" sizes=\"(max-width: 216px) 100vw, 216px\" \/>Rojen sem leta 1971. Fotografija me je zanimala, odkar sem se prvi\u010d dotaknil o\u010detovega fotoaparata, resneje pa sem se za\u010del ukvarjati z v za\u010detku srednje \u0161ole. To so bili \u010dasi, ko smo kupovali filme \u201ena metre\u201c, zato sem si uredil temnico za razvijanje filmov in izdelavo slik. Kasneje sem se navdu\u0161il nad barvnimi diapozitivi na katere sem lovil lepe trenutke v naravi, predvsem igro svetlobe in senc. Sem avtor dveh samostojnih razstav: \u201eHodil po zemlji sem na\u0161i in pil nje prelesti\u201c (Log pod Mangartom, poletje 2014) in &#8220;Jesenski dan&#8221; (Komenda, november 2016).<\/p>\n<p>Danes se ukvarjam z reportersko fotografijo, fotografiranjem slovesnih trenutkov in prireditev, \u0161e vedno pa fotografiram lepote narave in upam, da mi neko\u010d uspe narediti res dober posnetek.<\/p>\n","protected":false},"excerpt":{"rendered":"<p>Rojen sem leta 1971. Fotografija me je zanimala, odkar sem se prvi\u010d dotaknil o\u010detovega fotoaparata, resneje pa sem se za\u010del ukvarjati z v za\u010detku srednje \u0161ole. To so bili \u010dasi, ko smo kupovali filme \u201ena metre\u201c, zato sem si uredil temnico za razvijanje filmov in izdelavo slik. Kasneje sem se navdu\u0161il nad barvnimi diapozitivi na katere sem lovil lepe trenutke v naravi, predvsem igro svetlobe in senc. Sem avtor dveh samostojnih razstav: \u201eHodil po zemlji sem na\u0161i in pil nje prelesti\u201c (Log pod Mangartom, poletje 2014) in &#8220;Jesenski dan&#8221; (Komenda, november 2016). Danes se ukvarjam z reportersko fotografijo, fotografiranjem slovesnih <a class=\"read-more read-more-onhover\" href=\"http:\/\/metodperme.com\/wp1\/o-meni\/\">Read More<\/a><\/p>\n","protected":false},"author":1,"featured_media":0,"parent":0,"menu_order":2,"comment_status":"closed","ping_status":"closed","template":"","meta":{"footnotes":""},"_links":{"self":[{"href":"http:\/\/metodperme.com\/wp1\/wp-json\/wp\/v2\/pages\/12"}],"collection":[{"href":"http:\/\/metodperme.com\/wp1\/wp-json\/wp\/v2\/pages"}],"about":[{"href":"http:\/\/metodperme.com\/wp1\/wp-json\/wp\/v2\/types\/page"}],"author":[{"embeddable":true,"href":"http:\/\/metodperme.com\/wp1\/wp-json\/wp\/v2\/users\/1"}],"replies":[{"embeddable":true,"href":"http:\/\/metodperme.com\/wp1\/wp-json\/wp\/v2\/comments?post=12"}],"version-history":[{"count":7,"href":"http:\/\/metodperme.com\/wp1\/wp-json\/wp\/v2\/pages\/12\/revisions"}],"predecessor-version":[{"id":180,"href":"http:\/\/metodperme.com\/wp1\/wp-json\/wp\/v2\/pages\/12\/revisions\/180"}],"wp:attachment":[{"href":"http:\/\/metodperme.com\/wp1\/wp-json\/wp\/v2\/media?parent=12"}],"curies":[{"name":"wp","href":"https:\/\/api.w.org\/{rel}","templated":true}]}}