{"id":14,"date":"2016-08-27T17:53:24","date_gmt":"2016-08-27T17:53:24","guid":{"rendered":"http:\/\/metodperme.com\/wp1\/?page_id=14"},"modified":"2024-01-17T14:16:42","modified_gmt":"2024-01-17T14:16:42","slug":"kontakt","status":"publish","type":"page","link":"http:\/\/metodperme.com\/wp1\/kontakt\/","title":{"rendered":"Pi\u0161kotki"},"content":{"rendered":"\n<p>Kaj so pi\u0161kotki in kako delujejo?<\/p>\n\n\n\n<p>Pi\u0161kotek je majhna datoteka, ki se shrani na ra\u010dunalniku ob obisku spletne strani. Pi\u0161kotki vsebujejo razli\u010dne informacije, ki jih spletna stran prebere, ko jo ponovno obi\u0161\u010dete. Uporablja jih ve\u010dina sodobnih spletnih strani.<\/p>\n\n\n\n<p>Sami po sebi pi\u0161kotki niso \u0161kodljivi, ne vsebujejo virusov ali kak\u0161ne druga\u010dne zlonamerne kode. Uporabljajo se za razli\u010dne namene, za seje (npr. prijavljanje na forume), za ko\u0161arice v spletnih trgovinah, za prikaz razli\u010dnih naprednih vsebin na spletni strani(npr. zemljevidi, video), za vodenje statistike obiska strani, za podporo vti\u010dnikom dru\u017eabnih omre\u017eij<a href=\"http:\/\/piskotki.net\/kaj-so-piskotki-in-kako-delujejo\/#fn-4-1\"><sup>1<\/sup><\/a>, ter tudi za prikazovanje oglasov po meri uporabnika spleta.<\/p>\n\n\n\n<p>Zakonsko omejevanje pi\u0161kotkov je predvsem posledica zlorabe tehnologije pi\u0161kotkov za sledenje uporabnikom in s tem poseganja v zasebnost na spletu.<\/p>\n\n\n\n<p>Vrste pi\u0161kotkov<\/p>\n\n\n\n<ul>\n<li>Pi\u0161kotki imajo lahko zelo razli\u010dne sestavine. Dobri pi\u0161kotki so zelo koristni za obiskovalce, \u0161e posebej za seje, prijave, ko\u0161arice artiklov in podobne naloge spletne strani.<\/li>\n\n\n\n<li>Nekateri pi\u0161kotki so koristni predvsem za lastnike spletnih strani. Na primer slu\u017eijo za spremljaje koli\u010dino obiska, torej doseg svojega spletnega mesta, posredno pa koristijo tudi kon\u010dnim obiskovalcem, saj omogo\u010dajo avtorjem vsebin vpogled v to, kateri prispevki na spletni strani so za obiskovalce zanimivi, na podlagi povratnih informacij, pa lahko spletno stran pribli\u017eajo bralcem z zanimivej\u0161imi vsebinami.<\/li>\n\n\n\n<li>Nekateri pi\u0161kotki pa, vsaj iz vidika Informacijskega urada, niso dobri. Ti neokusni pi\u0161kotki predvsem bele\u017eijo podatke o va\u0161ih aktivnostih na spletu, ki jih potem v obdelajo in pridobljene informacije posredujejo tretjim subjektom, najpogosteje ogla\u0161evalcem. Zaradi tega se na primer razli\u010dnim ljudem na spletu prikazujejo razli\u010dni oglasi. Vsak vidi oglase izdelkov in storitev, ki jih bo bolj verjetno kupil. Lastnikom sledilnih pi\u0161kotkov pa to omogo\u010da ve\u010dji zaslu\u017eek iz ogla\u0161evanja.<\/li>\n<\/ul>\n\n\n\n<p>Urad informacijskega poobla\u0161\u010denca deli pi\u0161kotke predvsem glede na invazivnost:<\/p>\n\n\n\n<ul>\n<li>Za\u010dasni ali sejni pi\u0161kotki<\/li>\n\n\n\n<li>Trajni ali shranjeni pi\u0161kotki<\/li>\n\n\n\n<li>Lastni pi\u0161kotki<\/li>\n\n\n\n<li>Drugi pi\u0161kotki<\/li>\n<\/ul>\n\n\n\n<p>Vsako vrsta pi\u0161kotkov se v zakonodaji in smernicah poobla\u0161\u010denca tretira druga\u010de, kar lastnikom spletnih strani in spletnim razvijalcem ote\u017euje doseganje skladnosti z Zakonom o elektronskih komunikacijah (ZEKom-1) in Zakonom o varstvu osebnih podatkov. Lastnikom spletnih strani nalaga, da se morajo o problematiki zasebnosti pi\u0161kotkov podrobno podu\u010diti, ter o uporabi le teh osve\u0161\u010dati tudi svoje spletne obiskovalce. V primeru invazivnej\u0161ih pi\u0161kotkov pa morajo od obiskovalcev pridobiti soglasje za njihovo uporabo.<\/p>\n","protected":false},"excerpt":{"rendered":"<p>Kaj so pi\u0161kotki in kako delujejo? Pi\u0161kotek je majhna datoteka, ki se shrani na ra\u010dunalniku ob obisku spletne strani. Pi\u0161kotki vsebujejo razli\u010dne informacije, ki jih spletna stran prebere, ko jo ponovno obi\u0161\u010dete. Uporablja jih ve\u010dina sodobnih spletnih strani. Sami po sebi pi\u0161kotki niso \u0161kodljivi, ne vsebujejo virusov ali kak\u0161ne druga\u010dne zlonamerne kode. Uporabljajo se za razli\u010dne namene, za seje (npr. prijavljanje na forume), za ko\u0161arice v spletnih trgovinah, za prikaz razli\u010dnih naprednih vsebin na spletni strani(npr. zemljevidi, video), za vodenje statistike obiska strani, za podporo vti\u010dnikom dru\u017eabnih omre\u017eij1, ter tudi za prikazovanje oglasov po meri uporabnika spleta. Zakonsko omejevanje pi\u0161kotkov <a class=\"read-more read-more-onhover\" href=\"http:\/\/metodperme.com\/wp1\/kontakt\/\">Read More<\/a><\/p>\n","protected":false},"author":1,"featured_media":0,"parent":0,"menu_order":0,"comment_status":"closed","ping_status":"closed","template":"","meta":{"footnotes":""},"_links":{"self":[{"href":"http:\/\/metodperme.com\/wp1\/wp-json\/wp\/v2\/pages\/14"}],"collection":[{"href":"http:\/\/metodperme.com\/wp1\/wp-json\/wp\/v2\/pages"}],"about":[{"href":"http:\/\/metodperme.com\/wp1\/wp-json\/wp\/v2\/types\/page"}],"author":[{"embeddable":true,"href":"http:\/\/metodperme.com\/wp1\/wp-json\/wp\/v2\/users\/1"}],"replies":[{"embeddable":true,"href":"http:\/\/metodperme.com\/wp1\/wp-json\/wp\/v2\/comments?post=14"}],"version-history":[{"count":3,"href":"http:\/\/metodperme.com\/wp1\/wp-json\/wp\/v2\/pages\/14\/revisions"}],"predecessor-version":[{"id":294,"href":"http:\/\/metodperme.com\/wp1\/wp-json\/wp\/v2\/pages\/14\/revisions\/294"}],"wp:attachment":[{"href":"http:\/\/metodperme.com\/wp1\/wp-json\/wp\/v2\/media?parent=14"}],"curies":[{"name":"wp","href":"https:\/\/api.w.org\/{rel}","templated":true}]}}